{"id":3903,"date":"2026-01-17T00:47:13","date_gmt":"2026-01-16T23:47:13","guid":{"rendered":"https:\/\/www.sequoias.be\/?page_id=3903"},"modified":"2026-02-08T13:41:40","modified_gmt":"2026-02-08T12:41:40","slug":"mot-du-president","status":"publish","type":"page","link":"https:\/\/www.sequoias.be\/fr\/mot-du-president\/","title":{"rendered":"Mot du Pr\u00e9sident"},"content":{"rendered":"<p><div class=\"fusion-fullwidth fullwidth-box fusion-builder-row-1 fusion-flex-container has-pattern-background has-mask-background nonhundred-percent-fullwidth non-hundred-percent-height-scrolling\" style=\"--link_hover_color: var(--awb-color5);--link_color: var(--awb-color7);--awb-border-radius-top-left:0px;--awb-border-radius-top-right:0px;--awb-border-radius-bottom-right:0px;--awb-border-radius-bottom-left:0px;--awb-padding-bottom:20px;--awb-padding-top-medium:0px;--awb-padding-top-small:0px;--awb-flex-wrap:wrap;\" ><div class=\"fusion-builder-row fusion-row fusion-flex-align-items-flex-start fusion-flex-justify-content-center fusion-flex-content-wrap\" style=\"max-width:1310.4px;margin-left: calc(-4% \/ 2 );margin-right: calc(-4% \/ 2 );\"><div class=\"fusion-layout-column fusion_builder_column fusion-builder-column-0 fusion_builder_column_1_1 1_1 fusion-flex-column fusion-flex-align-self-center\" style=\"--awb-bg-size:cover;--awb-width-large:100%;--awb-margin-top-large:20px;--awb-spacing-right-large:1.92%;--awb-margin-bottom-large:5%;--awb-spacing-left-large:1.92%;--awb-width-medium:100%;--awb-order-medium:0;--awb-spacing-right-medium:1.92%;--awb-margin-bottom-medium:30px;--awb-spacing-left-medium:1.92%;--awb-width-small:100%;--awb-order-small:0;--awb-spacing-right-small:1.92%;--awb-spacing-left-small:1.92%;\" data-scroll-devices=\"small-visibility,medium-visibility,large-visibility\"><div class=\"fusion-column-wrapper fusion-column-has-shadow fusion-flex-justify-content-space-between fusion-content-layout-column\"><div class=\"fusion-text fusion-text-1\"><p><img decoding=\"async\" class=\"lazyload alignleft size-fusion-200 wp-image-4302\" src=\"https:\/\/www.sequoias.be\/wp-content\/uploads\/2026\/02\/JPC-200x250.jpeg\" data-orig-src=\"https:\/\/www.sequoias.be\/wp-content\/uploads\/2026\/02\/JPC-200x250.jpeg\" alt=\"\" width=\"200\" height=\"250\" srcset=\"data:image\/svg+xml,%3Csvg%20xmlns%3D%27http%3A%2F%2Fwww.w3.org%2F2000%2Fsvg%27%20width%3D%27200%27%20height%3D%27250%27%20viewBox%3D%270%200%20200%20250%27%3E%3Crect%20width%3D%27200%27%20height%3D%27250%27%20fill-opacity%3D%220%22%2F%3E%3C%2Fsvg%3E\" data-srcset=\"https:\/\/www.sequoias.be\/wp-content\/uploads\/2026\/02\/JPC-200x250.jpeg 200w, https:\/\/www.sequoias.be\/wp-content\/uploads\/2026\/02\/JPC-240x300.jpeg 240w, https:\/\/www.sequoias.be\/wp-content\/uploads\/2026\/02\/JPC-400x500.jpeg 400w, https:\/\/www.sequoias.be\/wp-content\/uploads\/2026\/02\/JPC.jpeg 480w\" data-sizes=\"auto\" data-orig-sizes=\"(max-width: 200px) 100vw, 200px\" \/>Ch\u00e8res amies, chers amis,<\/p>\n<p>Bienvenue sur le nouveau site internet de l\u2019asbl <strong>SEQUOIA<\/strong>. Ce site est le v\u00f4tre : il a \u00e9t\u00e9 con\u00e7u pour vous informer, vous rassembler et faciliter les contacts entre anciens coll\u00e8gues, partout en Belgique.<\/p>\n<p>SEQUOIA, c\u2019est avant tout une grande famille qui r\u00e9unit pr\u00e8s de 550 pensionn\u00e9s de la soci\u00e9t\u00e9 EQUANS. Anciens ouvriers, employ\u00e9s ou cadres, francophones e n\u00e9erlandophones, nous partageons tous une histoire professionnelle commune et le plaisir de rester en lien apr\u00e8s la vie active.<\/p>\n<p>Avec l\u2019aide d\u2019une \u00e9quipe motiv\u00e9e de 12 b\u00e9n\u00e9voles du Comit\u00e9, nous organisons tout au long de l\u2019ann\u00e9e des activit\u00e9s vari\u00e9es et accessibles \u00e0 tous : balades mensuelles, excursions d\u2019un jour, mini-s\u00e9jours, repas et barbecue annuels, sans oublier un concert de musique classique. Ces moments sont avant tout des occasions de se retrouver, d\u2019\u00e9changer et de partager des instants conviviaux. Comme le dit si justement le proverbe : \u00ab <em>Seul on va plus vite, ensemble on va plus loin<\/em> \u00bb.<\/p>\n<p>Gr\u00e2ce au soutien de notre maison m\u00e8re, EQUANS, nous pouvons proposer ces activit\u00e9s \u00e0 des conditions attractives. La cotisation annuelle, volontairement modeste, permet \u00e0 chacun de participer \u00e0 la vie de l\u2019association et de b\u00e9n\u00e9ficier \u00e9galement d\u2019avantages int\u00e9ressants via la plateforme \u00ab Benefits at Work \u00bb.<\/p>\n<p>Afin de r\u00e9duire les co\u00fbts et le travail administratif, nous avons \u00e9t\u00e9 contraints de faire \u00e9voluer notre communication. Les informations et articles, auparavant publi\u00e9s dans notre journal imprim\u00e9, seront d\u00e9sormais mis en ligne au fur et \u00e0 mesure sur ce site, qui deviendra notre principal point d\u2019information et de rencontre.<\/p>\n<p>Comme beaucoup d\u2019associations, nous constatons une diminution du nombre de membres ces derni\u00e8res ann\u00e9es. C\u2019est pourquoi nous souhaitons donner un nouvel \u00e9lan \u00e0 SEQUOIA. Votre participation est essentielle : en prenant part aux activit\u00e9s, en faisant conna\u00eetre l\u2019association ou en rejoignant notre \u00e9quipe de b\u00e9n\u00e9voles, m\u00eame ponctuellement.<\/p>\n<p>Au plaisir de vous retrouver tr\u00e8s bient\u00f4t, en ligne ou lors de l\u2019une de nos prochaines activit\u00e9s.<\/p>\n<p>Bien amicalement,<\/p>\n<p>Votre Pr\u00e9sident<\/p>\n<p>Jean-Pierre Coucke<\/p>\n<\/div><\/div><\/div><\/div><\/div><div class=\"fusion-fullwidth fullwidth-box fusion-builder-row-2 fusion-flex-container nonhundred-percent-fullwidth non-hundred-percent-height-scrolling\" style=\"--link_color: var(--awb-color1);--awb-border-radius-top-left:0px;--awb-border-radius-top-right:0px;--awb-border-radius-bottom-right:0px;--awb-border-radius-bottom-left:0px;--awb-padding-top:20px;--awb-padding-bottom:20px;--awb-padding-top-small:40px;--awb-padding-right-small:20px;--awb-padding-bottom-small:0px;--awb-padding-left-small:20px;--awb-flex-wrap:wrap;\" ><div class=\"fusion-builder-row fusion-row fusion-flex-align-items-center fusion-flex-justify-content-center fusion-flex-content-wrap\" style=\"max-width:1310.4px;margin-left: calc(-4% \/ 2 );margin-right: calc(-4% \/ 2 );\"><div class=\"fusion-layout-column fusion_builder_column fusion-builder-column-1 fusion_builder_column_1_1 1_1 fusion-flex-column\" style=\"--awb-padding-top:5%;--awb-padding-right:6%;--awb-padding-bottom:5%;--awb-padding-left:6%;--awb-overflow:hidden;--awb-bg-color:var(--awb-custom10);--awb-bg-color-hover:var(--awb-custom10);--awb-bg-size:cover;--awb-box-shadow:0px 24px 40px 0px hsla(var(--awb-custom1-h),var(--awb-custom1-s),var(--awb-custom1-l),calc( var(--awb-custom1-a) - 76% ));;--awb-border-radius:24px 24px 24px 24px;--awb-width-large:100%;--awb-margin-top-large:20px;--awb-spacing-right-large:0%;--awb-margin-bottom-large:20px;--awb-spacing-left-large:0%;--awb-width-medium:100%;--awb-order-medium:0;--awb-spacing-right-medium:0%;--awb-spacing-left-medium:0%;--awb-width-small:100%;--awb-order-small:0;--awb-spacing-right-small:1.92%;--awb-spacing-left-small:1.92%;\"><div class=\"fusion-column-wrapper fusion-column-has-shadow fusion-flex-justify-content-flex-start fusion-content-layout-column\"><div class=\"fusion-builder-row fusion-builder-row-inner fusion-row fusion-flex-align-items-center fusion-flex-justify-content-center fusion-flex-content-wrap\" style=\"--awb-flex-grow:0;--awb-flex-grow-medium:0;--awb-flex-grow-small:0;--awb-flex-shrink:0;--awb-flex-shrink-medium:0;--awb-flex-shrink-small:0;width:104% !important;max-width:104% !important;margin-left: calc(-4% \/ 2 );margin-right: calc(-4% \/ 2 );\"><div class=\"fusion-layout-column fusion_builder_column_inner fusion-builder-nested-column-0 fusion_builder_column_inner_3_4 3_4 fusion-flex-column\" style=\"--awb-bg-size:cover;--awb-width-large:75%;--awb-margin-top-large:12px;--awb-spacing-right-large:2.56%;--awb-margin-bottom-large:20px;--awb-spacing-left-large:2.56%;--awb-width-medium:100%;--awb-order-medium:0;--awb-spacing-right-medium:1.92%;--awb-spacing-left-medium:1.92%;--awb-width-small:100%;--awb-order-small:0;--awb-spacing-right-small:1.92%;--awb-margin-bottom-small:0px;--awb-spacing-left-small:1.92%;\" data-scroll-devices=\"small-visibility,medium-visibility,large-visibility\"><div class=\"fusion-column-wrapper fusion-column-has-shadow fusion-flex-justify-content-flex-start fusion-content-layout-column\"><div class=\"fusion-title title fusion-title-1 fusion-sep-none fusion-title-text fusion-title-size-one\" style=\"--awb-text-color:var(--awb-color1);--awb-margin-top-small:10px;--awb-margin-right-small:0px;--awb-margin-bottom-small:20px;--awb-margin-left-small:0px;--awb-font-size:54px;\"><h1 class=\"fusion-title-heading title-heading-left sm-text-align-center fusion-responsive-typography-calculated\" style=\"margin:0;font-size:1em;--fontSize:54;line-height:var(--awb-typography1-line-height);\">Besoin de plus d\u2019informations ?<\/h1><\/div><div class=\"fusion-text fusion-text-2 sm-text-align-center\" style=\"--awb-font-size:26px;--awb-line-height:36px;--awb-text-color:var(--awb-color1);\"><p>Veuillez contacter le secr\u00e9tariat via le formulaire de contact.<\/p>\n<\/div><\/div><\/div><div class=\"fusion-layout-column fusion_builder_column_inner fusion-builder-nested-column-1 fusion_builder_column_inner_1_4 1_4 fusion-flex-column\" style=\"--awb-bg-size:cover;--awb-width-large:25%;--awb-margin-top-large:20px;--awb-spacing-right-large:7.68%;--awb-margin-bottom-large:20px;--awb-spacing-left-large:7.68%;--awb-width-medium:100%;--awb-order-medium:0;--awb-spacing-right-medium:1.92%;--awb-spacing-left-medium:1.92%;--awb-width-small:100%;--awb-order-small:0;--awb-spacing-right-small:1.92%;--awb-spacing-left-small:1.92%;\" data-scroll-devices=\"small-visibility,medium-visibility,large-visibility\"><div class=\"fusion-column-wrapper fusion-column-has-shadow fusion-flex-justify-content-flex-start fusion-content-layout-column\"><div style=\"text-align:center;\"><a class=\"fusion-button button-flat fusion-button-default-size button-default fusion-button-default button-1 fusion-button-span-yes fusion-button-default-type\" style=\"--button_text_transform:uppercase;\" target=\"_self\" href=\"https:\/\/www.sequoias.be\/contact\/\"><span class=\"fusion-button-text awb-button__text awb-button__text--default\">Formulaire<\/span><\/a><\/div><\/div><\/div><\/div><\/div><\/div><\/div><\/div>\n<\/p>\n","protected":false},"excerpt":{"rendered":"","protected":false},"author":1,"featured_media":0,"parent":0,"menu_order":0,"comment_status":"closed","ping_status":"closed","template":"100-width.php","meta":{"_monsterinsights_skip_tracking":false,"_monsterinsights_sitenote_active":false,"_monsterinsights_sitenote_note":"","_monsterinsights_sitenote_category":0,"footnotes":""},"class_list":["post-3903","page","type-page","status-publish","hentry"],"_links":{"self":[{"href":"https:\/\/www.sequoias.be\/fr\/wp-json\/wp\/v2\/pages\/3903","targetHints":{"allow":["GET"]}}],"collection":[{"href":"https:\/\/www.sequoias.be\/fr\/wp-json\/wp\/v2\/pages"}],"about":[{"href":"https:\/\/www.sequoias.be\/fr\/wp-json\/wp\/v2\/types\/page"}],"author":[{"embeddable":true,"href":"https:\/\/www.sequoias.be\/fr\/wp-json\/wp\/v2\/users\/1"}],"replies":[{"embeddable":true,"href":"https:\/\/www.sequoias.be\/fr\/wp-json\/wp\/v2\/comments?post=3903"}],"version-history":[{"count":1,"href":"https:\/\/www.sequoias.be\/fr\/wp-json\/wp\/v2\/pages\/3903\/revisions"}],"predecessor-version":[{"id":4305,"href":"https:\/\/www.sequoias.be\/fr\/wp-json\/wp\/v2\/pages\/3903\/revisions\/4305"}],"wp:attachment":[{"href":"https:\/\/www.sequoias.be\/fr\/wp-json\/wp\/v2\/media?parent=3903"}],"curies":[{"name":"wp","href":"https:\/\/api.w.org\/{rel}","templated":true}]}}