{"id":2658,"date":"2025-05-21T00:01:51","date_gmt":"2025-05-20T22:01:51","guid":{"rendered":"https:\/\/www.sequoias.be\/?page_id=2658"},"modified":"2025-05-21T00:01:51","modified_gmt":"2025-05-20T22:01:51","slug":"gestion-des-cookies","status":"publish","type":"page","link":"https:\/\/www.sequoias.be\/fr\/gestion-des-cookies\/","title":{"rendered":"Gestion des Cookies"},"content":{"rendered":"<p><div class=\"fusion-fullwidth fullwidth-box fusion-builder-row-1 fusion-flex-container nonhundred-percent-fullwidth non-hundred-percent-height-scrolling\" style=\"--link_hover_color: var(--awb-color5);--link_color: var(--awb-color7);--awb-border-radius-top-left:0px;--awb-border-radius-top-right:0px;--awb-border-radius-bottom-right:0px;--awb-border-radius-bottom-left:0px;--awb-padding-top:94px;--awb-padding-bottom:94px;--awb-padding-top-medium:60px;--awb-padding-bottom-medium:60px;--awb-padding-top-small:20px;--awb-padding-bottom-small:60px;--awb-background-color:var(--awb-color2);--awb-flex-wrap:wrap;\" ><div class=\"fusion-builder-row fusion-row fusion-flex-align-items-flex-start fusion-flex-justify-content-center fusion-flex-content-wrap\" style=\"max-width:1310.4px;margin-left: calc(-4% \/ 2 );margin-right: calc(-4% \/ 2 );\"><div class=\"fusion-layout-column fusion_builder_column fusion-builder-column-0 fusion_builder_column_1_1 1_1 fusion-flex-column\" style=\"--awb-bg-size:cover;--awb-width-large:100%;--awb-margin-top-large:20px;--awb-spacing-right-large:1.92%;--awb-margin-bottom-large:20px;--awb-spacing-left-large:1.92%;--awb-width-medium:100%;--awb-order-medium:0;--awb-spacing-right-medium:1.92%;--awb-spacing-left-medium:1.92%;--awb-width-small:100%;--awb-order-small:0;--awb-spacing-right-small:1.92%;--awb-spacing-left-small:1.92%;\"><div class=\"fusion-column-wrapper fusion-column-has-shadow fusion-flex-justify-content-flex-start fusion-content-layout-column\"><div class=\"fusion-text fusion-text-1\"><div class=\"coh-container ssa-component coh-component ssa-component-instance-535b91d5-62ef-4ac8-a5bf-dfa824fca76c coh-component-instance-535b91d5-62ef-4ac8-a5bf-dfa824fca76c coh-ce-cpt_heading-51bb15a4\">\n<div class=\"coh-container no-link coh-ce-cpt_heading-b031b04b\">\n<h3 class=\"coh-heading dark-heading align-text-left coh-ce-cpt_heading-58e6acb9\">1. Qu\u2019est-ce qu\u2019un cookie ?<\/h3>\n<\/div>\n<\/div>\n<div class=\"coh-container ssa-component coh-component ssa-component-instance-eeca67ef-10a8-4c90-9611-899d2335ef9d coh-component-instance-eeca67ef-10a8-4c90-9611-899d2335ef9d coh-ce-cpt_text-cb379aea\">\n<div class=\"coh-container no-link coh-ce-cpt_text-b031b04b\">\n<div class=\"coh-wysiwyg coh-style-text-color-light-background coh-style-margin-bottom-small ssa-instance-018618e09f4302db248e5a64bba85ee6 coh-ce-cpt_text-fa10298a\">\n<p>Un cookie est un petit fichier avec un code unique qui permet aux sites web de stocker certaines informations sur l&#8217;appareil d&#8217;un utilisateur.\u00a0 Lorsque vous visitez \u00e0 nouveau le site web, le cookie peut \u00eatre renvoy\u00e9 au serveur du site web. Cela garantit entre autres que le site web reconnaisse votre navigateur (ex : Chrome, Edge, Safari) et que vous puissiez naviguer rapidement et facilement.<\/p>\n<p>Il contient plusieurs donn\u00e9es, notamment le nom du serveur qui l\u2019a d\u00e9pos\u00e9, un identifiant sous forme de num\u00e9ro unique, les pages et onglets sur lesquels vous avez cliqu\u00e9, le type de navigateur que vous utilisez et une date d\u2019expiration. Les cookies ont diff\u00e9rentes fonctionnalit\u00e9s, par exemple l\u2019enregistrement des informations relatives \u00e0 la navigation de l\u2019utilisateur sur le site (mesure d\u2019audience, etc.).<\/p>\n<p>En poursuivant votre lecture vous serez inform\u00e9 sur les cookies qui sont susceptibles d\u2019\u00eatre d\u00e9pos\u00e9s sur votre terminal ainsi que sur les modalit\u00e9s d\u2019exercer vos pr\u00e9f\u00e9rences de param\u00e9trage.<\/p>\n<p>En g\u00e9n\u00e9ral, les cookies ont une certaine p\u00e9riode de conservation apr\u00e8s laquelle ils ne peuvent plus \u00eatre utilis\u00e9s. Certains cookies ne sont stock\u00e9s que pendant la dur\u00e9e d&#8217;une session. Vous pouvez v\u00e9rifier ces p\u00e9riodes de conservation dans les param\u00e8tres des cookies.\u00a0 En g\u00e9rant vos param\u00e8tres de cookies, vous pouvez \u00e9galement voir quels cookies fonctionnels nous utilisons ainsi que le nom technique, l&#8217;h\u00f4te, la p\u00e9riode de conservation, le type et la cat\u00e9gorie des cookies utilis\u00e9s.<\/p>\n<\/div>\n<\/div>\n<\/div>\n<div class=\"coh-container ssa-component coh-component ssa-component-instance-32692488-28e8-4849-9ca6-9bad3b860b0c coh-component-instance-32692488-28e8-4849-9ca6-9bad3b860b0c coh-ce-cpt_heading-51bb15a4\">\n<div class=\"coh-container no-link coh-ce-cpt_heading-b031b04b\">\n<h3 class=\"coh-heading dark-heading align-text-left coh-ce-cpt_heading-58e6acb9\">2. Quels sont les cookies pr\u00e9sents sur notre site ?<\/h3>\n<\/div>\n<\/div>\n<div class=\"coh-container ssa-component coh-component ssa-component-instance-317e9d97-2e9d-492a-9a1c-41aa959f6835 coh-component-instance-317e9d97-2e9d-492a-9a1c-41aa959f6835 coh-ce-cpt_text-cb379aea\">\n<div class=\"coh-container no-link coh-ce-cpt_text-b031b04b\">\n<div class=\"coh-wysiwyg coh-style-text-color-light-background ssa-instance-cd1e5035d9f4056f94b6eff4fb977b8d coh-ce-cpt_text-fa10298a\">\n<p>Afin de vous assurer la meilleure exp\u00e9rience Utilisateur possible, nous avons recours \u00e0 des cookies internes. Ce sont des cookies dont nous sommes \u00e9metteurs et qui sont strictement n\u00e9cessaires au fonctionnement de notre site ou pour nous permettre d\u2019\u00e9tablir des statistiques de la fr\u00e9quentation de notre site.<\/p>\n<p>Lors de votre navigation sur notre site, des cookies tiers sont \u00e9galement susceptibles d\u2019\u00eatre d\u00e9pos\u00e9s sur votre terminal par des soci\u00e9t\u00e9s tierces, pour les finalit\u00e9s d\u00e9crites ci-dessous, sous r\u00e9serve de votre choix.<\/p>\n<\/div>\n<\/div>\n<\/div>\n<div class=\"coh-container ssa-component coh-component ssa-component-instance-711a9b86-0ce2-4e0b-b10f-c9fe07e29964 coh-component-instance-711a9b86-0ce2-4e0b-b10f-c9fe07e29964 coh-ce-cpt_heading-51bb15a4\">\n<div class=\"coh-container no-link coh-ce-cpt_heading-b031b04b\">\n<h4 class=\"coh-heading dark-heading align-text-left coh-ce-cpt_heading-58e6acb9\">A. Les cookies internes<\/h4>\n<\/div>\n<\/div>\n<div class=\"coh-container ssa-component coh-component ssa-component-instance-75f7d778-f1b3-456c-b6c6-d10fac96b406 coh-component-instance-75f7d778-f1b3-456c-b6c6-d10fac96b406 coh-ce-cpt_text-cb379aea\">\n<div class=\"coh-container no-link coh-ce-cpt_text-b031b04b\">\n<div class=\"coh-wysiwyg coh-style-text-color-light-background ssa-instance-b189a840f6a046c163c2c4f85b74e8a4 coh-ce-cpt_text-fa10298a\">\n<p><span lang=\"FR\">Nous sommes les \u00e9metteurs des cookies internes (\u00ab first party \u00bb). Cette cat\u00e9gorie regroupe les cookies fonctionnels et les cookies de performance. <\/span><\/p>\n<p><u><span lang=\"FR\">Les cookies fonctionnels<\/span><\/u><\/p>\n<p><span lang=\"FR\">Il s\u2019agit des cookies indispensables \u00e0 la navigation sur le site, \u00e0 l\u2019acc\u00e8s aux fonctionnalit\u00e9s de ce dernier ainsi qu\u2019\u00e0 l\u2019identification des \u00e9ventuelles erreurs de fonctionnement. Sans ces cookies, le site ne pourrait pas fonctionner normalement. Leur suppression limiterait significativement la fluidit\u00e9 de la navigation.<\/span><\/p>\n<p><u><span lang=\"FR\">Les cookies de performance<\/span><\/u><\/p>\n<p><span lang=\"FR\">Bien que non indispensables \u00e0 la navigation sur le site, ces cookies permettent d\u2019optimiser son fonctionnement et d\u2019agr\u00e9menter votre navigation en m\u00e9morisant, par exemple, des informations relatives \u00e0 un formulaire que vous avez rempli sur le site ou les pr\u00e9f\u00e9rences d\u2019affichage de votre terminal (r\u00e9solution, syst\u00e8me d\u2019exploitation etc) ou encore de vous proposer des services et des contenus personnalis\u00e9. Par ailleurs, le recours \u00e0 ce type de cookies permet d\u2019\u00e9tablir des statistiques de la fr\u00e9quentation de notre site et ainsi d\u2019am\u00e9liorer la navigation dans nos espaces.<\/span><\/p>\n<\/div>\n<\/div>\n<\/div>\n<div class=\"coh-container ssa-component coh-component ssa-component-instance-bd9ecb67-a02e-49fd-98c7-6a1dca5193e2 coh-component-instance-bd9ecb67-a02e-49fd-98c7-6a1dca5193e2 coh-ce-cpt_heading-51bb15a4\">\n<div class=\"coh-container no-link coh-ce-cpt_heading-b031b04b\">\n<h4 class=\"coh-heading dark-heading align-text-left coh-ce-cpt_heading-58e6acb9\">B. Les cookies tiers<\/h4>\n<\/div>\n<\/div>\n<div class=\"coh-container ssa-component coh-component ssa-component-instance-f59298ec-3240-4ba3-bed3-61e9e5e6601d coh-component-instance-f59298ec-3240-4ba3-bed3-61e9e5e6601d coh-ce-cpt_text-cb379aea\">\n<div class=\"coh-container no-link coh-ce-cpt_text-b031b04b\">\n<div class=\"coh-wysiwyg coh-style-text-color-light-background ssa-instance-31f4852fa6d33ae336110ab217d4f7a6 coh-ce-cpt_text-fa10298a\">\n<p>Les cookies tiers sont d\u00e9pos\u00e9s par des soci\u00e9t\u00e9s tierces lorsque vous consultez notre site. L\u2019\u00e9mission et l\u2019utilisation de cookies par des tiers sont soumises aux politiques en mati\u00e8re de cookies propres aux soci\u00e9t\u00e9s tierces concern\u00e9es.<\/p>\n<p><u>Cookies de performance<\/u><\/p>\n<p>Le site a recours \u00e0 des cookies qui visent \u00e0 comptabiliser et diff\u00e9rencier les visites et\/ou de limiter le nombre de requ\u00eates simultan\u00e9es. Ces cookies permettent \u00e0 nos partenaires d\u2019\u00e9tablir des statistiques dont nous nous servons pour mesurer la fr\u00e9quentation et am\u00e9liorer l\u2019ergonomie de notre site et pour la r\u00e9alisation de diff\u00e9rentes analyses statistiques.<\/p>\n<p><u>Cookies de partage<\/u><\/p>\n<p>Par ailleurs, les plug-ins sociaux qui existent sur notre site permettent de faciliter le partage d\u2019un contenu sur diff\u00e9rents r\u00e9seaux sociaux ou d\u2019envoyer le lien par mail. Lorsque vous utilisez ces boutons de partage, un cookie tiers est install\u00e9 afin de relier les contenus consult\u00e9s sur notre site et votre compte utilisateur du r\u00e9seau social vis\u00e9.<\/p>\n<p><u>Cookies publicitaires<\/u><\/p>\n<p>Des soci\u00e9t\u00e9s tierces peuvent \u00eatre amen\u00e9es \u00e0 d\u00e9poser des cookies afin d\u2019identifier vos centres d\u2019int\u00e9r\u00eat compte tenu des contenus consult\u00e9s sur notre site et ainsi personnaliser l\u2019offre publicitaire qui vous est adress\u00e9e en dehors de notre site. Ces cookies peuvent \u00eatre d\u00e9pos\u00e9s \u00e0 l\u2019occasion de la navigation de notre site ou \u00e0 l\u2019ouverture des emails que nous vous adressons.\u00a0 Nous veillons \u00e0 ce que les soci\u00e9t\u00e9s partenaires traitent les informations collect\u00e9es sur le site conform\u00e9ment \u00e0 nos instructions, dans le respect de la r\u00e8glementation.<\/p>\n<\/div>\n<\/div>\n<\/div>\n<div class=\"coh-container ssa-component coh-component ssa-component-instance-9e4f2d53-ee21-4897-9581-21e4baf65802 coh-component-instance-9e4f2d53-ee21-4897-9581-21e4baf65802 coh-ce-cpt_heading-51bb15a4\">\n<div class=\"coh-container no-link coh-ce-cpt_heading-b031b04b\">\n<h3 class=\"coh-heading dark-heading align-text-left coh-ce-cpt_heading-58e6acb9\">3. Comment param\u00e9trer les cookies ?<\/h3>\n<\/div>\n<\/div>\n<div class=\"coh-container ssa-component coh-component ssa-component-instance-6c8d3b95-7a93-42d2-bb5e-385ad4e70a99 coh-component-instance-6c8d3b95-7a93-42d2-bb5e-385ad4e70a99 coh-ce-cpt_text-cb379aea\">\n<div class=\"coh-container no-link coh-ce-cpt_text-b031b04b\">\n<div class=\"coh-wysiwyg coh-style-text-color-light-background ssa-instance-c92c2389ae1abd7aee6a093e5f449307 coh-ce-cpt_text-fa10298a\">\n<p><span lang=\"FR\">De mani\u00e8re g\u00e9n\u00e9rale, vos choix en mati\u00e8re de cookies peuvent s\u2019effectuer \u00e0 partir de votre navigateur. <\/span><\/p>\n<p><span lang=\"FR\">Les cookies internes (voir supra) peuvent \u00eatre param\u00e9tr\u00e9s en ligne directement sur notre site. Les cookies tiers doivent \u00eatre param\u00e9tr\u00e9s en se rendant sur le site \u00e9metteur (voir infra) ou sur la plateforme europ\u00e9enne destin\u00e9e \u00e0 cet effet (voir infra).<\/span><\/p>\n<\/div>\n<\/div>\n<\/div>\n<div class=\"coh-container ssa-component coh-component ssa-component-instance-48220e28-665d-4169-bf6b-6452b4cbe88e coh-component-instance-48220e28-665d-4169-bf6b-6452b4cbe88e coh-ce-cpt_heading-51bb15a4\">\n<div class=\"coh-container no-link coh-ce-cpt_heading-b031b04b\">\n<h4 class=\"coh-heading dark-heading align-text-left coh-ce-cpt_heading-58e6acb9\">A. Param\u00e9trage de votre navigateur<\/h4>\n<\/div>\n<\/div>\n<div class=\"coh-container ssa-component coh-component ssa-component-instance-8a3ebf1c-800a-4cef-a9f3-0fb4002842dc coh-component-instance-8a3ebf1c-800a-4cef-a9f3-0fb4002842dc coh-ce-cpt_text-cb379aea\">\n<div class=\"coh-container no-link coh-ce-cpt_text-b031b04b\">\n<div class=\"coh-wysiwyg coh-style-text-color-light-background ssa-instance-5685cb38a80c3658f0f85c81a4959113 coh-ce-cpt_text-fa10298a\">\n<p>Lorsque vous acc\u00e9dez pour la premi\u00e8re fois au site votre navigateur vous signalera que des cookies sont susceptibles d\u2019\u00eatre d\u00e9pos\u00e9s dans votre terminal. Cette information sera visible dans une banni\u00e8re. Il vous sera demand\u00e9 alors, soit d\u2019accepter les cookies tels que param\u00e9tr\u00e9s par d\u00e9faut, soit de les param\u00e9trer votre navigateur selon vos pr\u00e9f\u00e9rences ou depuis notre site.<\/p>\n<p>Si vous voulez savoir quels cookies sont install\u00e9s sur votre appareil ou si vous souhaitez les supprimer, vous pouvez utiliser un param\u00e8tre de votre navigateur.<\/p>\n<\/div>\n<\/div>\n<\/div>\n<div class=\"coh-container ssa-component coh-component ssa-component-instance-42b982ce-5703-4a2f-99a0-e2f4d71e1ef0 coh-component-instance-42b982ce-5703-4a2f-99a0-e2f4d71e1ef0 coh-ce-cpt_heading-51bb15a4\">\n<div class=\"coh-container no-link coh-ce-cpt_heading-b031b04b\">\n<h4 class=\"coh-heading dark-heading align-text-left coh-ce-cpt_heading-58e6acb9\">B. Param\u00e9trage depuis notre site<\/h4>\n<\/div>\n<\/div>\n<div class=\"coh-container ssa-component coh-component ssa-component-instance-8ae11c69-3672-48e4-b166-7cb016e96566 coh-component-instance-8ae11c69-3672-48e4-b166-7cb016e96566 coh-ce-cpt_text-cb379aea\">\n<div class=\"coh-container no-link coh-ce-cpt_text-b031b04b\">\n<div class=\"coh-wysiwyg coh-style-text-color-light-background ssa-instance-fde7adec79c608480e69e77b2a454a82 coh-ce-cpt_text-fa10298a\">\n<p>Vous pouvez param\u00e9trer depuis notre site les cookies que nous d\u00e9posons sur votre terminal au moment de votre premi\u00e8re connexion.<\/p>\n<\/div>\n<\/div>\n<\/div>\n<div class=\"coh-container ssa-component coh-component ssa-component-instance-8d363fd9-82b5-4cc9-9f5b-00e8785be899 coh-component-instance-8d363fd9-82b5-4cc9-9f5b-00e8785be899 coh-ce-cpt_heading-51bb15a4\">\n<div class=\"coh-container no-link coh-ce-cpt_heading-b031b04b\">\n<h3 class=\"coh-heading dark-heading align-text-left coh-ce-cpt_heading-58e6acb9\">4. Vos droits, responsable du traitement<\/h3>\n<\/div>\n<\/div>\n<div class=\"coh-container ssa-component coh-component ssa-component-instance-457aed5d-05d8-453f-a34d-4af80e722caa coh-component-instance-457aed5d-05d8-453f-a34d-4af80e722caa coh-ce-cpt_text-cb379aea\">\n<div class=\"coh-container no-link coh-ce-cpt_text-b031b04b\">\n<div class=\"coh-wysiwyg coh-style-text-color-light-background ssa-instance-8ddb370c4dc2c77b319d3923a38ab093 coh-ce-cpt_text-fa10298a\">\n<p><span lang=\"FR\">Nous n&#8217;utilisons des cookies qui ne sont pas strictement n\u00e9cessaires seulement si vous avez donn\u00e9 votre consentement. Vous trouverez des informations sur, vos droits, comment vous pouvez les exercer et les coordonn\u00e9es du responsable du traitement dans la politique vie priv\u00e9e.<\/span><\/p>\n<p class=\"text-align-center\">Equans Belux SA, num\u00e9ro d\u2019entreprise : BE0774666348.<\/p>\n<p>Adresse: Boulevard Roi Albert II 19, 1210 Bruxelles<\/p>\n<p>Adresse e-mail: <a href=\"mailto:contact.belux@equans.com\">contact.belux@equans.com<\/a><\/p>\n<p>Tel: +32 2\/370.31.11<\/p>\n<p><span lang=\"FR\">Le terme \u00ab responsable du traitement \u00bb d\u00e9signe toute entit\u00e9 qui d\u00e9termine les finalit\u00e9s et les moyens du ou des traitements qu&#8217;elle met en \u0153uvre. EQUANS BELUX SA et chaque filiale ou succursale agit en tant que responsable(s) du traitement des donn\u00e9es personnelles sous leur contr\u00f4le respectif.<\/span><\/p>\n<\/div>\n<\/div>\n<\/div>\n<div class=\"coh-container ssa-component coh-component ssa-component-instance-db056b48-d471-4bf3-8004-6c846f88021f coh-component-instance-db056b48-d471-4bf3-8004-6c846f88021f coh-ce-cpt_heading-51bb15a4\">\n<div class=\"coh-container no-link coh-ce-cpt_heading-b031b04b\">\n<h3 class=\"coh-heading dark-heading align-text-left coh-ce-cpt_heading-58e6acb9\">5. Mise \u00e0 jour de la notice cookies<\/h3>\n<\/div>\n<\/div>\n<div class=\"coh-container ssa-component coh-component ssa-component-instance-3fc73fff-b8bd-42a4-8102-d81a8d471734 coh-component-instance-3fc73fff-b8bd-42a4-8102-d81a8d471734 coh-ce-cpt_text-cb379aea\">\n<div class=\"coh-container no-link coh-ce-cpt_text-b031b04b\">\n<div class=\"coh-wysiwyg coh-style-text-color-light-background coh-style-margin-bottom-small ssa-instance-9844adb9639ae642d1cb23a21788ab1e coh-ce-cpt_text-fa10298a\">\n<p>Nous pouvons proc\u00e9der \u00e0 tout moment \u00e0 la mise \u00e0 jour de la pr\u00e9sente notice relative aux cookies. En cons\u00e9quence, l\u2019utilisateur est invit\u00e9 \u00e0 se r\u00e9f\u00e9rer r\u00e9guli\u00e8rement \u00e0 la pr\u00e9sente notice.<\/p>\n<\/div>\n<\/div>\n<\/div>\n<div class=\"coh-container ssa-component coh-component ssa-component-instance-6439c5c0-da15-4c26-9c17-a5c4336378be coh-component-instance-6439c5c0-da15-4c26-9c17-a5c4336378be coh-ce-cpt_heading-51bb15a4\">\n<div class=\"coh-container no-link coh-ce-cpt_heading-b031b04b\">\n<h3 class=\"coh-heading dark-heading align-text-left coh-ce-cpt_heading-58e6acb9\">6. Liste des cookies<\/h3>\n<\/div>\n<\/div>\n<\/div><\/div><\/div><\/div><\/div><div class=\"fusion-fullwidth fullwidth-box fusion-builder-row-2 fusion-flex-container nonhundred-percent-fullwidth non-hundred-percent-height-scrolling\" style=\"--awb-border-radius-top-left:0px;--awb-border-radius-top-right:0px;--awb-border-radius-bottom-right:0px;--awb-border-radius-bottom-left:0px;--awb-padding-top:102px;--awb-padding-bottom:60px;--awb-padding-bottom-medium:32px;--awb-padding-top-small:40px;--awb-padding-bottom-small:40px;--awb-flex-wrap:wrap;\" ><div class=\"fusion-builder-row fusion-row fusion-flex-align-items-flex-start fusion-flex-justify-content-center fusion-flex-content-wrap\" style=\"max-width:1310.4px;margin-left: calc(-4% \/ 2 );margin-right: calc(-4% \/ 2 );\"><div class=\"fusion-layout-column fusion_builder_column fusion-builder-column-1 fusion_builder_column_3_4 3_4 fusion-flex-column\" style=\"--awb-bg-size:cover;--awb-width-large:75%;--awb-margin-top-large:20px;--awb-spacing-right-large:2.56%;--awb-margin-bottom-large:20px;--awb-spacing-left-large:2.56%;--awb-width-medium:75%;--awb-spacing-right-medium:2.56%;--awb-margin-bottom-medium:30px;--awb-spacing-left-medium:2.56%;--awb-width-small:100%;--awb-spacing-right-small:1.92%;--awb-spacing-left-small:1.92%;\"><div class=\"fusion-column-wrapper fusion-column-has-shadow fusion-flex-justify-content-flex-start fusion-content-layout-column\"><div class=\"fusion-title title fusion-title-1 fusion-sep-none fusion-title-center fusion-title-text fusion-title-size-two\" style=\"--awb-margin-top-small:10px;--awb-margin-right-small:0px;--awb-margin-bottom-small:20px;--awb-margin-left-small:0px;\"><h2 class=\"fusion-title-heading title-heading-center fusion-responsive-typography-calculated\" style=\"margin:0;--fontSize:48;line-height:1.2;\">Besoin d\u2019aide ?<\/h2><\/div><div class=\"fusion-text fusion-text-2\" style=\"--awb-content-alignment:center;--awb-font-size:26px;--awb-line-height:36px;\"><p>Contactez-nous via le formulaire de contact.<\/p>\n<\/div><div style=\"text-align:center;\"><a class=\"fusion-button button-flat fusion-button-default-size button-default fusion-button-default button-1 fusion-button-default-span fusion-button-default-type\" style=\"--button_text_transform:uppercase;--button_margin-top:32px;--button_margin-bottom:12px;\" target=\"_self\" href=\"https:\/\/www.sequoias.be\/contact\/\"><span class=\"fusion-button-text awb-button__text awb-button__text--default\">Nous Contacter<\/span><\/a><\/div><\/div><\/div><\/div><\/div>\n<\/p>\n","protected":false},"excerpt":{"rendered":"","protected":false},"author":1,"featured_media":0,"parent":0,"menu_order":0,"comment_status":"closed","ping_status":"closed","template":"100-width.php","meta":{"_monsterinsights_skip_tracking":false,"_monsterinsights_sitenote_active":false,"_monsterinsights_sitenote_note":"","_monsterinsights_sitenote_category":0,"footnotes":""},"class_list":["post-2658","page","type-page","status-publish","hentry"],"_links":{"self":[{"href":"https:\/\/www.sequoias.be\/fr\/wp-json\/wp\/v2\/pages\/2658","targetHints":{"allow":["GET"]}}],"collection":[{"href":"https:\/\/www.sequoias.be\/fr\/wp-json\/wp\/v2\/pages"}],"about":[{"href":"https:\/\/www.sequoias.be\/fr\/wp-json\/wp\/v2\/types\/page"}],"author":[{"embeddable":true,"href":"https:\/\/www.sequoias.be\/fr\/wp-json\/wp\/v2\/users\/1"}],"replies":[{"embeddable":true,"href":"https:\/\/www.sequoias.be\/fr\/wp-json\/wp\/v2\/comments?post=2658"}],"version-history":[{"count":0,"href":"https:\/\/www.sequoias.be\/fr\/wp-json\/wp\/v2\/pages\/2658\/revisions"}],"wp:attachment":[{"href":"https:\/\/www.sequoias.be\/fr\/wp-json\/wp\/v2\/media?parent=2658"}],"curies":[{"name":"wp","href":"https:\/\/api.w.org\/{rel}","templated":true}]}}