{"id":2598,"date":"2025-05-20T11:33:06","date_gmt":"2025-05-20T09:33:06","guid":{"rendered":"https:\/\/www.sequoias.be\/?page_id=2598"},"modified":"2025-06-25T00:30:03","modified_gmt":"2025-06-24T22:30:03","slug":"conditions-generales","status":"publish","type":"page","link":"https:\/\/www.sequoias.be\/fr\/conditions-generales\/","title":{"rendered":"Conditions G\u00e9n\u00e9rales"},"content":{"rendered":"<p><div class=\"fusion-fullwidth fullwidth-box fusion-builder-row-1 fusion-flex-container nonhundred-percent-fullwidth non-hundred-percent-height-scrolling\" style=\"--link_hover_color: var(--awb-color5);--link_color: var(--awb-color7);--awb-border-radius-top-left:0px;--awb-border-radius-top-right:0px;--awb-border-radius-bottom-right:0px;--awb-border-radius-bottom-left:0px;--awb-padding-top:94px;--awb-padding-bottom:94px;--awb-padding-top-medium:60px;--awb-padding-bottom-medium:60px;--awb-padding-top-small:20px;--awb-padding-bottom-small:60px;--awb-background-color:var(--awb-color2);--awb-flex-wrap:wrap;\" ><div class=\"fusion-builder-row fusion-row fusion-flex-align-items-flex-start fusion-flex-justify-content-center fusion-flex-content-wrap\" style=\"max-width:1310.4px;margin-left: calc(-4% \/ 2 );margin-right: calc(-4% \/ 2 );\"><div class=\"fusion-layout-column fusion_builder_column fusion-builder-column-0 fusion_builder_column_1_1 1_1 fusion-flex-column\" style=\"--awb-bg-size:cover;--awb-width-large:100%;--awb-margin-top-large:20px;--awb-spacing-right-large:1.92%;--awb-margin-bottom-large:20px;--awb-spacing-left-large:1.92%;--awb-width-medium:100%;--awb-order-medium:0;--awb-spacing-right-medium:1.92%;--awb-spacing-left-medium:1.92%;--awb-width-small:100%;--awb-order-small:0;--awb-spacing-right-small:1.92%;--awb-spacing-left-small:1.92%;\"><div class=\"fusion-column-wrapper fusion-column-has-shadow fusion-flex-justify-content-flex-start fusion-content-layout-column\"><div class=\"fusion-text fusion-text-1\"><p>La pr\u00e9sente page d\u00e9crit les conditions l\u00e9gales qui s\u2019appliquent \u00e0 tout utilisateur d\u2019Internet visitant le site Internet de Sequoia ASBL-VZW. (ci-apr\u00e8s d\u00e9sign\u00e9e SEQUOIA). En consultant le pr\u00e9sent site, vous vous engagez \u00e0 vous conformer sans r\u00e9serve \u00e0 ces conditions. Si vous ne souhaitez pas accepter ces conditions d&#8217;utilisation, veuillez ne pas visiter ou utiliser ce site Web. Nous vous conseillons de consulter r\u00e9guli\u00e8rement les pr\u00e9sentes conditions car elles peuvent \u00eatre modifi\u00e9es \u00e0 tout moment et sans avertissement. Toute modification publi\u00e9e entra\u00eene une opposabilit\u00e9 imm\u00e9diate \u00e0 l&#8217;\u00e9gard de tout visiteur.<\/p>\n<h2>&nbsp;<\/h2>\n<h3>1 &#8211; Nature des informations<\/h3>\n<p>SEQUOIA a cr\u00e9\u00e9 le site Internet pour une utilisation personnelle par leurs visiteurs. SEQUOIA d\u00e9ploie tous les efforts pour veiller \u00e0 ce que les informations disponibles sur les Sites Internet soient pr\u00e9cises et actualis\u00e9es, et SEQUOIA se r\u00e9serve le droit de modifier le contenu des Sites Internet \u00e0 tout moment et sans notification pr\u00e9alable.<\/p>\n<p>Nous avons compil\u00e9 le contenu de ce site Web avec le plus grand soin possible. Cependant, le site Web est fourni \u00e0 titre informatif seulement. SEQUOIA ne peut garantir \u00e0 100 % que le contenu du site Web est correct, pr\u00e9cis, actuel, mis \u00e0 jour et complet, que le site Web fonctionnera sans interruption et\/ou sera exempt d&#8217;erreurs.<\/p>\n<p>Les visiteurs qui se fient \u00e0 ces informations le font enti\u00e8rement \u00e0 leurs risques et p\u00e9rils sans pouvoir en engager la responsabilit\u00e9 de SEQUOIA.<\/p>\n<p>Dans la mesure permise par la loi, SEQUOIA, y compris ses responsables et son Comit\u00e9, exclut par la pr\u00e9sente toute responsabilit\u00e9 pour tout dommage quel qu&#8217;il soit, direct et\/ou indirect, de quelque mani\u00e8re que ce soit caus\u00e9 par et\/ou d\u00e9coulant de l\u2019utilisation du site Internet ou de tout autre site li\u00e9 au site Internet, y compris \u2013 mais sans s\u2019y limiter \u2013 tout dommage quel qu\u2019il soit r\u00e9sultant de quelque mani\u00e8re que ce soit et\/ou r\u00e9sultant de :<\/p>\n<p>de toute impr\u00e9cision, inexactitude ou omission figurant dans les informations pr\u00e9sent\u00e9es sur le Site Internet ;<\/p>\n<p>de tout dommage r\u00e9sultant d\u2019une intrusion frauduleuse par une tierce partie et conduisant \u00e0 la modification des informations ou du mat\u00e9riel fournis sur le Site Internet ;<\/p>\n<p>g\u00e9n\u00e9ralement, de tout dommage, direct ou indirect, quelle que soit sa cause, son origine, sa nature ou ses cons\u00e9quences, tels que :<\/p>\n<p>(i) l\u2019acc\u00e8s ou l\u2019impossibilit\u00e9 d\u2019acc\u00e9der au Site Internet<\/p>\n<p>(ii) l\u2019utilisation du Site Internet, en ce compris tout dommage ou virus pouvant affecter votre syst\u00e8me informatique ou tout autre \u00e9l\u00e9ment, et\/ou<\/p>\n<p>(iii) le cr\u00e9dit donn\u00e9 \u00e0 toute information fournie directement ou indirectement sur le Site Internet.<\/p>\n<p>L\u2019information sur le Site Internet est fournie sur une base \u00ab telle quelle \u00bb, sans aucune forme de garantie, qu\u2019elle soit explicite ou implicite. SEQUOIA n\u2019offre aucune garantie explicite ou implicite relative, sans limitation, \u00e0 la qualit\u00e9 marchande et \u00e0 l\u2019ad\u00e9quation \u00e0 une fin particuli\u00e8re.<\/p>\n<p>Si vous fournissez des informations ou d&#8217;autres \u00e9l\u00e9ments \u00e0 SEQUOIA, vous acceptez que SEQUOIA puisse les utiliser. Vous garantissez que les informations ou le mat\u00e9riel ne portent pas atteinte aux droits (de propri\u00e9t\u00e9 intellectuelle) de tiers, et ne sont pas autrement ill\u00e9gaux envers des tiers.<\/p>\n<p>Les utilisateurs peuvent placer eux-m\u00eames des informations sur certaines parties du site Web. Il est impossible pour SEQUOIA de v\u00e9rifier ces informations \u00e0 l&#8217;avance. SEQUOIA n&#8217;est donc pas responsable de cela. SEQUOIA se r\u00e9serve le droit de raccourcir, modifier ou supprimer ces informations \u00e0 tout moment.<\/p>\n<h2>&nbsp;<\/h2>\n<h3>2 &#8211; Propri\u00e9t\u00e9 intellectuelle<\/h3>\n<h4>2.1 &#8211; Droit d\u2019auteur<\/h4>\n<p>Toutes les informations disponibles sur le Site Internet (documents contenus sur le site Internet et tous les \u00e9l\u00e9ments cr\u00e9\u00e9s pour le site Internet) sont la propri\u00e9t\u00e9 de SEQUOIA et sont r\u00e9gies par les lois sur le droit d\u2019auteur au moment o\u00f9 ils sont rendus accessibles au public sur le site Internet. Les copies de documents figurant sur le Site Internet ne peuvent \u00eatre r\u00e9alis\u00e9es qu\u2019\u00e0 des fins d\u2019information et seulement pour un usage strictement personnel. Aucun droit de licence ou droit autre que le droit de consulter le site Internet n\u2019est octroy\u00e9 \u00e0 qui que ce soit en mati\u00e8re de droits de propri\u00e9t\u00e9 intellectuelle. La reproduction des documents du site Internet n\u2019est autoris\u00e9e qu\u2019\u00e0 des fins d\u2019information et pour un usage personnel et priv\u00e9 : toute reproduction et toute utilisation de copies faites pour d\u2019autres fins sont express\u00e9ment interdites.<\/p>\n<p>L&#8217;utilisation non autoris\u00e9e de toute marque sur ce site Web est strictement interdite.<\/p>\n<h4>2.2 &#8211; D\u00e9nominations prot\u00e9g\u00e9es<\/h4>\n<p>Sauf mention contraire, tous les noms de soci\u00e9t\u00e9s, logos, marques d\u00e9pos\u00e9es et marques de fabrique mentionn\u00e9s sur le pr\u00e9sent site appartiennent \u00e0 SEQUOIA. Ils ne peuvent \u00eatre utilis\u00e9s sans une autorisation \u00e9crite pr\u00e9alable de SEQUOIA.<\/p>\n<h2>&nbsp;<\/h2>\n<h3>3 &#8211; Informations nominatives et autres informations<\/h3>\n<p>Pour plus d\u2019informations sur l\u2019utilisation de vos donn\u00e9es personnelles et sur la mani\u00e8re dont SEQUOIA les collecte sur le pr\u00e9sent site, veuillez consulter notre r\u00e8glement en mati\u00e8re de respect de la vie priv\u00e9e.<\/p>\n<h2>&nbsp;<\/h2>\n<h3>4 &#8211; Liens hypertextes &#8211; informations et mat\u00e9riel fournis<\/h3>\n<p>En aucun cas, SEQUOIA ne peut \u00eatre tenue responsable du contenu des sites avec lesquels des liens figurant sur le site Internet sont \u00e9tablis. Ces liens sont mis \u00e0 disposition comme un service rendu aux utilisateurs du Site Internet de SEQUOIA. Cela ne signifie pas automatiquement que SEQUOIA est associ\u00e9 \u00e0 ces autres sites ou \u00e0 leurs propri\u00e9taires. Nous ne sommes donc pas responsables de ces autres sites, y compris des informations qu&#8217;ils contiennent. La d\u00e9cision d\u2019activer un lien incombe \u00e0 chaque visiteur. En outre, il est de la responsabilit\u00e9 de chaque visiteur de prendre les pr\u00e9cautions n\u00e9cessaires pour emp\u00eacher que le Site Internet ne soit contamin\u00e9, y compris par des \u00ab virus \u00bb.<\/p>\n<p>Si vous fournissez des informations ou d&#8217;autres \u00e9l\u00e9ments \u00e0 SEQUOIA, vous acceptez que SEQUOIA puisse les utiliser. Vous garantissez que les informations ou le mat\u00e9riel ne portent pas atteinte aux droits (de propri\u00e9t\u00e9 intellectuelle) de tiers, et ne sont pas autrement ill\u00e9gaux envers des tiers.<\/p>\n<p>Les utilisateurs peuvent placer eux-m\u00eames des informations sur certaines parties du site Web. Il est impossible pour SEQUOIA de v\u00e9rifier ces informations \u00e0 l&#8217;avance. SEQUOIA n&#8217;est donc pas responsable de cela. SEQUOIA se r\u00e9serve le droit de raccourcir, modifier ou supprimer ces informations \u00e0 tout moment.<\/p>\n<h3>&nbsp;<\/h3>\n<h3>5 &#8211; Divers<\/h3>\n<p>SEQUOIA se r\u00e9serve le droit d&#8217;apporter des modifications et des corrections \u00e0 ce site Web et\/ou \u00e0 ces conditions d&#8217;utilisation \u00e0 tout moment et sans pr\u00e9avis.<\/p>\n<p>Les pr\u00e9sentes conditions d&#8217;utilisation et l&#8217;utilisation du site Internet sont r\u00e9gies par le droit belge. Tout litige d\u00e9coulant de celui-ci ou autrement li\u00e9 \u00e0 ce site Web sera soumis au tribunal comp\u00e9tent de Bruxelles.<\/p>\n<h2>&nbsp;<\/h2>\n<h3>6 &#8211; \u00c9diteur<\/h3>\n<p>Sequoia ASBL-VZW &#8211; N\u00b0 d\u2019entreprise 0873.020.190<\/p>\n<p>Boulevard Roi Albert II 19 &#8211; 1210 Bruxelles &#8211; Belgique<\/p>\n<p><a href=\"mailto:contact@sequoias.be\">contact@sequoias.be<\/a><\/p>\n<\/div><\/div><\/div><\/div><\/div><div class=\"fusion-fullwidth fullwidth-box fusion-builder-row-2 fusion-flex-container nonhundred-percent-fullwidth non-hundred-percent-height-scrolling\" style=\"--awb-border-radius-top-left:0px;--awb-border-radius-top-right:0px;--awb-border-radius-bottom-right:0px;--awb-border-radius-bottom-left:0px;--awb-padding-top:102px;--awb-padding-bottom:60px;--awb-padding-bottom-medium:32px;--awb-padding-top-small:40px;--awb-padding-bottom-small:40px;--awb-flex-wrap:wrap;\" ><div class=\"fusion-builder-row fusion-row fusion-flex-align-items-flex-start fusion-flex-justify-content-center fusion-flex-content-wrap\" style=\"max-width:1310.4px;margin-left: calc(-4% \/ 2 );margin-right: calc(-4% \/ 2 );\"><div class=\"fusion-layout-column fusion_builder_column fusion-builder-column-1 fusion_builder_column_3_4 3_4 fusion-flex-column\" style=\"--awb-bg-size:cover;--awb-width-large:75%;--awb-margin-top-large:20px;--awb-spacing-right-large:2.56%;--awb-margin-bottom-large:20px;--awb-spacing-left-large:2.56%;--awb-width-medium:75%;--awb-spacing-right-medium:2.56%;--awb-margin-bottom-medium:30px;--awb-spacing-left-medium:2.56%;--awb-width-small:100%;--awb-spacing-right-small:1.92%;--awb-spacing-left-small:1.92%;\"><div class=\"fusion-column-wrapper fusion-column-has-shadow fusion-flex-justify-content-flex-start fusion-content-layout-column\"><div class=\"fusion-title title fusion-title-1 fusion-sep-none fusion-title-center fusion-title-text fusion-title-size-two\" style=\"--awb-margin-top-small:10px;--awb-margin-right-small:0px;--awb-margin-bottom-small:20px;--awb-margin-left-small:0px;\"><h2 class=\"fusion-title-heading title-heading-center fusion-responsive-typography-calculated\" style=\"margin:0;--fontSize:48;line-height:1.2;\">Besoin d\u2019aide ?<\/h2><\/div><div class=\"fusion-text fusion-text-2\" style=\"--awb-content-alignment:center;--awb-font-size:26px;--awb-line-height:36px;\"><p>Contactez-nous via le formulaire de contact.<\/p>\n<\/div><div style=\"text-align:center;\"><a class=\"fusion-button button-flat fusion-button-default-size button-default fusion-button-default button-1 fusion-button-default-span fusion-button-default-type\" style=\"--button_text_transform:uppercase;--button_margin-top:32px;--button_margin-bottom:12px;\" target=\"_self\" href=\"https:\/\/www.sequoias.be\/contact\/\"><span class=\"fusion-button-text awb-button__text awb-button__text--default\">Nous Contacter<\/span><\/a><\/div><\/div><\/div><\/div><\/div>\n<\/p>\n","protected":false},"excerpt":{"rendered":"","protected":false},"author":1,"featured_media":0,"parent":0,"menu_order":0,"comment_status":"closed","ping_status":"closed","template":"100-width.php","meta":{"_monsterinsights_skip_tracking":false,"_monsterinsights_sitenote_active":false,"_monsterinsights_sitenote_note":"","_monsterinsights_sitenote_category":0,"footnotes":""},"class_list":["post-2598","page","type-page","status-publish","hentry"],"_links":{"self":[{"href":"https:\/\/www.sequoias.be\/fr\/wp-json\/wp\/v2\/pages\/2598","targetHints":{"allow":["GET"]}}],"collection":[{"href":"https:\/\/www.sequoias.be\/fr\/wp-json\/wp\/v2\/pages"}],"about":[{"href":"https:\/\/www.sequoias.be\/fr\/wp-json\/wp\/v2\/types\/page"}],"author":[{"embeddable":true,"href":"https:\/\/www.sequoias.be\/fr\/wp-json\/wp\/v2\/users\/1"}],"replies":[{"embeddable":true,"href":"https:\/\/www.sequoias.be\/fr\/wp-json\/wp\/v2\/comments?post=2598"}],"version-history":[{"count":0,"href":"https:\/\/www.sequoias.be\/fr\/wp-json\/wp\/v2\/pages\/2598\/revisions"}],"wp:attachment":[{"href":"https:\/\/www.sequoias.be\/fr\/wp-json\/wp\/v2\/media?parent=2598"}],"curies":[{"name":"wp","href":"https:\/\/api.w.org\/{rel}","templated":true}]}}